{"id":31023,"date":"2026-04-20T13:29:29","date_gmt":"2026-04-20T10:29:29","guid":{"rendered":"https:\/\/www.egeyali.com\/?page_id=31023"},"modified":"2026-04-20T15:35:05","modified_gmt":"2026-04-20T12:35:05","slug":"bizden-haberler","status":"publish","type":"page","link":"https:\/\/www.egeyali.com\/en\/bizden-haberler\/","title":{"rendered":"News From Us"},"content":{"rendered":"<div data-elementor-type=\"wp-page\" data-elementor-id=\"31023\" class=\"elementor elementor-31023\" data-elementor-post-type=\"page\">\n\t\t\t\t<div class=\"elementor-element elementor-element-f4ee9e4 e-flex e-con-boxed e-con e-parent\" data-id=\"f4ee9e4\" data-element_type=\"container\" data-e-type=\"container\">\n\t\t\t\t\t<div class=\"e-con-inner\">\n\t\t<div class=\"elementor-element elementor-element-96836d2 e-con-full e-flex e-con e-child\" data-id=\"96836d2\" data-element_type=\"container\" data-e-type=\"container\">\n\t\t\t\t<div class=\"elementor-element elementor-element-0fcc86e elementor-widget elementor-widget-image\" data-id=\"0fcc86e\" data-element_type=\"widget\" data-e-type=\"widget\" data-widget_type=\"image.default\">\n\t\t\t\t\t\t\t\t\t\t\t\t\t\t\t<img loading=\"lazy\" decoding=\"async\" width=\"800\" height=\"800\" src=\"https:\/\/www.egeyali.com\/wp-content\/uploads\/2026\/04\/Adsiz-tasarim-2026-04-20T134734.429-800x800.jpg\" class=\"attachment-large size-large wp-image-31033\" alt=\"\" srcset=\"https:\/\/www.egeyali.com\/wp-content\/uploads\/2026\/04\/Adsiz-tasarim-2026-04-20T134734.429-800x800.jpg 800w, https:\/\/www.egeyali.com\/wp-content\/uploads\/2026\/04\/Adsiz-tasarim-2026-04-20T134734.429-300x300.jpg 300w, https:\/\/www.egeyali.com\/wp-content\/uploads\/2026\/04\/Adsiz-tasarim-2026-04-20T134734.429-150x150.jpg 150w, https:\/\/www.egeyali.com\/wp-content\/uploads\/2026\/04\/Adsiz-tasarim-2026-04-20T134734.429-768x768.jpg 768w, https:\/\/www.egeyali.com\/wp-content\/uploads\/2026\/04\/Adsiz-tasarim-2026-04-20T134734.429.jpg 1080w\" sizes=\"auto, (max-width: 800px) 100vw, 800px\" \/>\t\t\t\t\t\t\t\t\t\t\t\t\t\t\t<\/div>\n\t\t\t\t<\/div>\n\t\t<div class=\"elementor-element elementor-element-92e49f9 e-con-full e-flex e-con e-child\" data-id=\"92e49f9\" data-element_type=\"container\" data-e-type=\"container\">\n\t\t\t\t<div class=\"elementor-element elementor-element-591fc27 elementor-widget elementor-widget-heading\" data-id=\"591fc27\" data-element_type=\"widget\" data-e-type=\"widget\" data-widget_type=\"heading.default\">\n\t\t\t\t\t<h2 class=\"elementor-heading-title elementor-size-default\">SPECIAL PRODUCTION FOR B\u0130M A.\u015e.\nEGEYALI LEAF CRACKERS<\/h2>\t\t\t\t<\/div>\n\t\t\t\t<div class=\"elementor-element elementor-element-38df4ca elementor-widget elementor-widget-spacer\" data-id=\"38df4ca\" data-element_type=\"widget\" data-e-type=\"widget\" data-widget_type=\"spacer.default\">\n\t\t\t\t\t\t\t<div class=\"elementor-spacer\">\n\t\t\t<div class=\"elementor-spacer-inner\"><\/div>\n\t\t<\/div>\n\t\t\t\t\t\t<\/div>\n\t\t\t\t<div class=\"elementor-element elementor-element-68deadc color-scheme-inherit text-left elementor-widget elementor-widget-text-editor\" data-id=\"68deadc\" data-element_type=\"widget\" data-e-type=\"widget\" data-widget_type=\"text-editor.default\">\n\t\t\t\t\t\t\t\t\tOur leaf cracker varieties, produced exclusively for B\u0130M A.\u015e., are now available on shelves in plain, whole wheat, and sesame-seed options. Ideal for fresh, crispy, and delicious snacks!\n\n\n\t\t\t\t\t\t\t\t<\/div>\n\t\t\t\t<\/div>\n\t\t\t\t\t<\/div>\n\t\t\t\t<\/div>\n\t\t<div class=\"elementor-element elementor-element-06d0aeb e-flex e-con-boxed e-con e-parent\" data-id=\"06d0aeb\" data-element_type=\"container\" data-e-type=\"container\">\n\t\t\t\t\t<div class=\"e-con-inner\">\n\t\t<div class=\"elementor-element elementor-element-245e5c6 e-con-full e-flex e-con e-child\" data-id=\"245e5c6\" data-element_type=\"container\" data-e-type=\"container\">\n\t\t\t\t<div class=\"elementor-element elementor-element-f758bd3 elementor-widget elementor-widget-gallery\" data-id=\"f758bd3\" data-element_type=\"widget\" data-e-type=\"widget\" data-settings=\"{&quot;columns&quot;:3,&quot;aspect_ratio&quot;:&quot;1:1&quot;,&quot;lazyload&quot;:&quot;yes&quot;,&quot;gallery_layout&quot;:&quot;grid&quot;,&quot;columns_tablet&quot;:2,&quot;columns_mobile&quot;:1,&quot;gap&quot;:{&quot;unit&quot;:&quot;px&quot;,&quot;size&quot;:10,&quot;sizes&quot;:[]},&quot;gap_tablet&quot;:{&quot;unit&quot;:&quot;px&quot;,&quot;size&quot;:10,&quot;sizes&quot;:[]},&quot;gap_mobile&quot;:{&quot;unit&quot;:&quot;px&quot;,&quot;size&quot;:10,&quot;sizes&quot;:[]},&quot;link_to&quot;:&quot;file&quot;,&quot;overlay_background&quot;:&quot;yes&quot;,&quot;content_hover_animation&quot;:&quot;fade-in&quot;}\" data-widget_type=\"gallery.default\">\n\t\t\t\t\t\t\t<div class=\"elementor-gallery__container\">\n\t\t\t\t\t\t\t<a class=\"e-gallery-item elementor-gallery-item elementor-animated-content\" href=\"https:\/\/www.egeyali.com\/wp-content\/uploads\/2026\/04\/Adsiz-tasarim-2026-04-20T153436.055.jpg\" data-elementor-open-lightbox=\"yes\" data-elementor-lightbox-slideshow=\"f758bd3\" data-elementor-lightbox-title=\"Ads\u0131z tasar\u0131m - 2026-04-20T153436.055\" data-e-action-hash=\"#elementor-action%3Aaction%3Dlightbox%26settings%3DeyJpZCI6MzExMTQsInVybCI6Imh0dHBzOlwvXC93d3cuZWdleWFsaS5jb21cL3dwLWNvbnRlbnRcL3VwbG9hZHNcLzIwMjZcLzA0XC9BZHNpei10YXNhcmltLTIwMjYtMDQtMjBUMTUzNDM2LjA1NS5qcGciLCJzbGlkZXNob3ciOiJmNzU4YmQzIn0%3D\">\n\t\t\t\t\t<div class=\"e-gallery-image elementor-gallery-item__image\" data-thumbnail=\"https:\/\/www.egeyali.com\/wp-content\/uploads\/2026\/04\/Adsiz-tasarim-2026-04-20T153436.055.jpg\" data-width=\"600\" data-height=\"600\" aria-label=\"\" role=\"img\" ><\/div>\n\t\t\t\t\t\t\t\t\t\t\t<div class=\"elementor-gallery-item__overlay\"><\/div>\n\t\t\t\t\t\t\t\t\t\t\t\t\t\t<\/a>\n\t\t\t\t\t\t\t<a class=\"e-gallery-item elementor-gallery-item elementor-animated-content\" href=\"https:\/\/www.egeyali.com\/wp-content\/uploads\/2026\/04\/Adsiz-tasarim-2026-04-20T153441.627.jpg\" data-elementor-open-lightbox=\"yes\" data-elementor-lightbox-slideshow=\"f758bd3\" data-elementor-lightbox-title=\"Ads\u0131z tasar\u0131m - 2026-04-20T153441.627\" data-e-action-hash=\"#elementor-action%3Aaction%3Dlightbox%26settings%3DeyJpZCI6MzExMTMsInVybCI6Imh0dHBzOlwvXC93d3cuZWdleWFsaS5jb21cL3dwLWNvbnRlbnRcL3VwbG9hZHNcLzIwMjZcLzA0XC9BZHNpei10YXNhcmltLTIwMjYtMDQtMjBUMTUzNDQxLjYyNy5qcGciLCJzbGlkZXNob3ciOiJmNzU4YmQzIn0%3D\">\n\t\t\t\t\t<div class=\"e-gallery-image elementor-gallery-item__image\" data-thumbnail=\"https:\/\/www.egeyali.com\/wp-content\/uploads\/2026\/04\/Adsiz-tasarim-2026-04-20T153441.627.jpg\" data-width=\"600\" data-height=\"600\" aria-label=\"\" role=\"img\" ><\/div>\n\t\t\t\t\t\t\t\t\t\t\t<div class=\"elementor-gallery-item__overlay\"><\/div>\n\t\t\t\t\t\t\t\t\t\t\t\t\t\t<\/a>\n\t\t\t\t\t\t\t<a class=\"e-gallery-item elementor-gallery-item elementor-animated-content\" href=\"https:\/\/www.egeyali.com\/wp-content\/uploads\/2026\/04\/792db284-8293-40ae-a64d-2cbd257a3971.webp\" data-elementor-open-lightbox=\"yes\" data-elementor-lightbox-slideshow=\"f758bd3\" data-elementor-lightbox-title=\"792db284-8293-40ae-a64d-2cbd257a3971\" data-e-action-hash=\"#elementor-action%3Aaction%3Dlightbox%26settings%3DeyJpZCI6MzEwNDgsInVybCI6Imh0dHBzOlwvXC93d3cuZWdleWFsaS5jb21cL3dwLWNvbnRlbnRcL3VwbG9hZHNcLzIwMjZcLzA0XC83OTJkYjI4NC04MjkzLTQwYWUtYTY0ZC0yY2JkMjU3YTM5NzEud2VicCIsInNsaWRlc2hvdyI6ImY3NThiZDMifQ%3D%3D\">\n\t\t\t\t\t<div class=\"e-gallery-image elementor-gallery-item__image\" data-thumbnail=\"https:\/\/www.egeyali.com\/wp-content\/uploads\/2026\/04\/792db284-8293-40ae-a64d-2cbd257a3971.webp\" data-width=\"600\" data-height=\"600\" aria-label=\"\" role=\"img\" ><\/div>\n\t\t\t\t\t\t\t\t\t\t\t<div class=\"elementor-gallery-item__overlay\"><\/div>\n\t\t\t\t\t\t\t\t\t\t\t\t\t\t<\/a>\n\t\t\t\t\t\t\t<a class=\"e-gallery-item elementor-gallery-item elementor-animated-content\" href=\"https:\/\/www.egeyali.com\/wp-content\/uploads\/2026\/04\/2fafc0da-f467-432e-9457-1b89f1265202.webp\" data-elementor-open-lightbox=\"yes\" data-elementor-lightbox-slideshow=\"f758bd3\" data-elementor-lightbox-title=\"2fafc0da-f467-432e-9457-1b89f1265202\" data-e-action-hash=\"#elementor-action%3Aaction%3Dlightbox%26settings%3DeyJpZCI6MzEwNDEsInVybCI6Imh0dHBzOlwvXC93d3cuZWdleWFsaS5jb21cL3dwLWNvbnRlbnRcL3VwbG9hZHNcLzIwMjZcLzA0XC8yZmFmYzBkYS1mNDY3LTQzMmUtOTQ1Ny0xYjg5ZjEyNjUyMDIud2VicCIsInNsaWRlc2hvdyI6ImY3NThiZDMifQ%3D%3D\">\n\t\t\t\t\t<div class=\"e-gallery-image elementor-gallery-item__image\" data-thumbnail=\"https:\/\/www.egeyali.com\/wp-content\/uploads\/2026\/04\/2fafc0da-f467-432e-9457-1b89f1265202.webp\" data-width=\"1000\" data-height=\"1000\" aria-label=\"\" role=\"img\" ><\/div>\n\t\t\t\t\t\t\t\t\t\t\t<div class=\"elementor-gallery-item__overlay\"><\/div>\n\t\t\t\t\t\t\t\t\t\t\t\t\t\t<\/a>\n\t\t\t\t\t\t\t<a class=\"e-gallery-item elementor-gallery-item elementor-animated-content\" href=\"https:\/\/www.egeyali.com\/wp-content\/uploads\/2026\/04\/bdf107a6-1000-44b3-b448-87190b0161b2.webp\" data-elementor-open-lightbox=\"yes\" data-elementor-lightbox-slideshow=\"f758bd3\" data-elementor-lightbox-title=\"bdf107a6-1000-44b3-b448-87190b0161b2\" data-e-action-hash=\"#elementor-action%3Aaction%3Dlightbox%26settings%3DeyJpZCI6MzEwNDIsInVybCI6Imh0dHBzOlwvXC93d3cuZWdleWFsaS5jb21cL3dwLWNvbnRlbnRcL3VwbG9hZHNcLzIwMjZcLzA0XC9iZGYxMDdhNi0xMDAwLTQ0YjMtYjQ0OC04NzE5MGIwMTYxYjIud2VicCIsInNsaWRlc2hvdyI6ImY3NThiZDMifQ%3D%3D\">\n\t\t\t\t\t<div class=\"e-gallery-image elementor-gallery-item__image\" data-thumbnail=\"https:\/\/www.egeyali.com\/wp-content\/uploads\/2026\/04\/bdf107a6-1000-44b3-b448-87190b0161b2.webp\" data-width=\"1000\" data-height=\"1000\" aria-label=\"\" role=\"img\" ><\/div>\n\t\t\t\t\t\t\t\t\t\t\t<div class=\"elementor-gallery-item__overlay\"><\/div>\n\t\t\t\t\t\t\t\t\t\t\t\t\t\t<\/a>\n\t\t\t\t\t\t\t<a class=\"e-gallery-item elementor-gallery-item elementor-animated-content\" href=\"https:\/\/www.egeyali.com\/wp-content\/uploads\/2026\/04\/db0c2046-fe3f-4221-8b85-b79afb733301.webp\" data-elementor-open-lightbox=\"yes\" data-elementor-lightbox-slideshow=\"f758bd3\" data-elementor-lightbox-title=\"db0c2046-fe3f-4221-8b85-b79afb733301\" data-e-action-hash=\"#elementor-action%3Aaction%3Dlightbox%26settings%3DeyJpZCI6MzEwNDMsInVybCI6Imh0dHBzOlwvXC93d3cuZWdleWFsaS5jb21cL3dwLWNvbnRlbnRcL3VwbG9hZHNcLzIwMjZcLzA0XC9kYjBjMjA0Ni1mZTNmLTQyMjEtOGI4NS1iNzlhZmI3MzMzMDEud2VicCIsInNsaWRlc2hvdyI6ImY3NThiZDMifQ%3D%3D\">\n\t\t\t\t\t<div class=\"e-gallery-image elementor-gallery-item__image\" data-thumbnail=\"https:\/\/www.egeyali.com\/wp-content\/uploads\/2026\/04\/db0c2046-fe3f-4221-8b85-b79afb733301.webp\" data-width=\"1000\" data-height=\"1000\" aria-label=\"\" role=\"img\" ><\/div>\n\t\t\t\t\t\t\t\t\t\t\t<div class=\"elementor-gallery-item__overlay\"><\/div>\n\t\t\t\t\t\t\t\t\t\t\t\t\t\t<\/a>\n\t\t\t\t\t\t\t<a class=\"e-gallery-item elementor-gallery-item elementor-animated-content\" href=\"https:\/\/www.egeyali.com\/wp-content\/uploads\/2026\/04\/1712f3c5-5c5a-4271-9802-04f98c476d57.webp\" data-elementor-open-lightbox=\"yes\" data-elementor-lightbox-slideshow=\"f758bd3\" data-elementor-lightbox-title=\"1712f3c5-5c5a-4271-9802-04f98c476d57\" data-e-action-hash=\"#elementor-action%3Aaction%3Dlightbox%26settings%3DeyJpZCI6MzEwNDUsInVybCI6Imh0dHBzOlwvXC93d3cuZWdleWFsaS5jb21cL3dwLWNvbnRlbnRcL3VwbG9hZHNcLzIwMjZcLzA0XC8xNzEyZjNjNS01YzVhLTQyNzEtOTgwMi0wNGY5OGM0NzZkNTcud2VicCIsInNsaWRlc2hvdyI6ImY3NThiZDMifQ%3D%3D\">\n\t\t\t\t\t<div class=\"e-gallery-image elementor-gallery-item__image\" data-thumbnail=\"https:\/\/www.egeyali.com\/wp-content\/uploads\/2026\/04\/1712f3c5-5c5a-4271-9802-04f98c476d57.webp\" data-width=\"1000\" data-height=\"1000\" aria-label=\"\" role=\"img\" ><\/div>\n\t\t\t\t\t\t\t\t\t\t\t<div class=\"elementor-gallery-item__overlay\"><\/div>\n\t\t\t\t\t\t\t\t\t\t\t\t\t\t<\/a>\n\t\t\t\t\t<\/div>\n\t\t\t\t\t<\/div>\n\t\t\t\t<\/div>\n\t\t<div class=\"elementor-element elementor-element-adcc64e e-con-full e-flex e-con e-child\" data-id=\"adcc64e\" data-element_type=\"container\" data-e-type=\"container\">\n\t\t\t\t<div class=\"elementor-element elementor-element-ffb738a elementor-widget elementor-widget-spacer\" data-id=\"ffb738a\" data-element_type=\"widget\" data-e-type=\"widget\" data-widget_type=\"spacer.default\">\n\t\t\t\t\t\t\t<div class=\"elementor-spacer\">\n\t\t\t<div class=\"elementor-spacer-inner\"><\/div>\n\t\t<\/div>\n\t\t\t\t\t\t<\/div>\n\t\t\t\t<div class=\"elementor-element elementor-element-87a41bb elementor-widget elementor-widget-heading\" data-id=\"87a41bb\" data-element_type=\"widget\" data-e-type=\"widget\" data-widget_type=\"heading.default\">\n\t\t\t\t\t<h2 class=\"elementor-heading-title elementor-size-default\">SPECIAL PRODUCTS FOR \u015eOK MARKETS\nPL PRODUCTS<\/h2>\t\t\t\t<\/div>\n\t\t\t\t<\/div>\n\t\t\t\t\t<\/div>\n\t\t\t\t<\/div>\n\t\t\t\t<\/div>\n\t\t\n    <div class=\"xs_social_share_widget xs_share_url after_content \t\tmain_content  wslu-style-1 wslu-share-box-shaped wslu-fill-colored wslu-none wslu-share-horizontal wslu-theme-font-no wslu-main_content\">\n\n\t\t\n        <ul>\n\t\t\t        <\/ul>\n    <\/div>","protected":false},"excerpt":{"rendered":"<p>B\u0130M A.\u015e. \u0130\u00c7\u0130N \u00d6ZEL \u00dcRET\u0130M EGEYALI YAPRAK GALETA B\u0130M A.\u015e.\u2019ye \u00f6zel \u00fcretilen yaprak galeta \u00e7e\u015fitlerimiz; sade, kepekli ve susaml\u0131-\u00e7ekirdekli se\u00e7enekleriyle<\/p>","protected":false},"author":1,"featured_media":0,"parent":0,"menu_order":0,"comment_status":"closed","ping_status":"closed","template":"","meta":{"postBodyCss":"","postBodyMargin":[],"postBodyPadding":[],"postBodyBackground":{"backgroundType":"classic","gradient":""},"footnotes":""},"class_list":["post-31023","page","type-page","status-publish","hentry"],"_links":{"self":[{"href":"https:\/\/www.egeyali.com\/en\/wp-json\/wp\/v2\/pages\/31023","targetHints":{"allow":["GET"]}}],"collection":[{"href":"https:\/\/www.egeyali.com\/en\/wp-json\/wp\/v2\/pages"}],"about":[{"href":"https:\/\/www.egeyali.com\/en\/wp-json\/wp\/v2\/types\/page"}],"author":[{"embeddable":true,"href":"https:\/\/www.egeyali.com\/en\/wp-json\/wp\/v2\/users\/1"}],"replies":[{"embeddable":true,"href":"https:\/\/www.egeyali.com\/en\/wp-json\/wp\/v2\/comments?post=31023"}],"version-history":[{"count":19,"href":"https:\/\/www.egeyali.com\/en\/wp-json\/wp\/v2\/pages\/31023\/revisions"}],"predecessor-version":[{"id":31117,"href":"https:\/\/www.egeyali.com\/en\/wp-json\/wp\/v2\/pages\/31023\/revisions\/31117"}],"wp:attachment":[{"href":"https:\/\/www.egeyali.com\/en\/wp-json\/wp\/v2\/media?parent=31023"}],"curies":[{"name":"wp","href":"https:\/\/api.w.org\/{rel}","templated":true}]}}