{"id":29016,"date":"2025-08-04T13:32:32","date_gmt":"2025-08-04T13:32:32","guid":{"rendered":"https:\/\/dummy.xtemos.com\/woodmart2\/pets-elementor\/?page_id=18"},"modified":"2026-04-21T11:37:15","modified_gmt":"2026-04-21T08:37:15","slug":"hakkimizda","status":"publish","type":"page","link":"https:\/\/www.egeyali.com\/en\/hakkimizda\/","title":{"rendered":"About us"},"content":{"rendered":"<div data-elementor-type=\"wp-page\" data-elementor-id=\"29016\" class=\"elementor elementor-29016\" data-elementor-post-type=\"page\">\n\t\t\t\t<div class=\"wd-negative-gap elementor-element elementor-element-027f74a wd-section-stretch e-flex e-con-boxed e-con e-parent\" data-id=\"027f74a\" data-element_type=\"container\" data-e-type=\"container\" data-settings=\"{&quot;background_background&quot;:&quot;classic&quot;}\">\n\t\t\t\t\t<div class=\"e-con-inner\">\n\t\t\t\t<div class=\"elementor-element elementor-element-dd3bafa wd-el-page-heading text-left elementor-widget elementor-widget-wd_page_heading\" data-id=\"dd3bafa\" data-element_type=\"widget\" data-e-type=\"widget\" data-widget_type=\"wd_page_heading.default\">\n\t\t\t\t<div class=\"elementor-widget-container\">\n\t\t\t\t\t<h2 class=\"entry-title title\">About us<\/h2>\t\t\t\t<\/div>\n\t\t\t\t<\/div>\n\t\t\t\t<div class=\"elementor-element elementor-element-d41ec81 wd-el-breadcrumbs text-left elementor-widget elementor-widget-wd_element_breadcrumbs\" data-id=\"d41ec81\" data-element_type=\"widget\" data-e-type=\"widget\" data-widget_type=\"wd_element_breadcrumbs.default\">\n\t\t\t\t<div class=\"elementor-widget-container\">\n\t\t\t\t\t<nav class=\"wd-breadcrumbs\"><a href=\"https:\/\/www.egeyali.com\/en\/\">Home<\/a><span class=\"wd-delimiter\"><\/span><span class=\"wd-last\">Page<\/span><\/nav>\t\t\t\t<\/div>\n\t\t\t\t<\/div>\n\t\t\t\t\t<\/div>\n\t\t\t\t<\/div>\n\t\t<div class=\"elementor-element elementor-element-820c6fa e-flex e-con-boxed e-con e-parent\" data-id=\"820c6fa\" data-element_type=\"container\" data-e-type=\"container\">\n\t\t\t\t\t<div class=\"e-con-inner\">\n\t\t<div class=\"elementor-element elementor-element-76d9d9e e-con-full e-flex e-con e-child\" data-id=\"76d9d9e\" data-element_type=\"container\" data-e-type=\"container\">\n\t\t\t\t<div class=\"elementor-element elementor-element-74b337c elementor-widget elementor-widget-wd_image_or_svg\" data-id=\"74b337c\" data-element_type=\"widget\" data-e-type=\"widget\" data-widget_type=\"wd_image_or_svg.default\">\n\t\t\t\t<div class=\"elementor-widget-container\">\n\t\t\t\t\t\n\t\t<div class=\"wd-image text-center\">\n\t\t\t\t\t\t\t\t<img loading=\"lazy\" decoding=\"async\" width=\"600\" height=\"400\" src=\"https:\/\/www.egeyali.com\/wp-content\/uploads\/2026\/03\/Adsiz-600-x-400-piksel-3.jpg\" class=\"attachment-full size-full\" alt=\"\" srcset=\"https:\/\/www.egeyali.com\/wp-content\/uploads\/2026\/03\/Adsiz-600-x-400-piksel-3.jpg 600w, https:\/\/www.egeyali.com\/wp-content\/uploads\/2026\/03\/Adsiz-600-x-400-piksel-3-400x267.jpg 400w, https:\/\/www.egeyali.com\/wp-content\/uploads\/2026\/03\/Adsiz-600-x-400-piksel-3-430x287.jpg 430w, https:\/\/www.egeyali.com\/wp-content\/uploads\/2026\/03\/Adsiz-600-x-400-piksel-3-150x100.jpg 150w\" sizes=\"auto, (max-width: 600px) 100vw, 600px\" \/>\t\t\t\t\t<\/div>\n\n\t\t\t\t\t\t<\/div>\n\t\t\t\t<\/div>\n\t\t\t\t<\/div>\n\t\t<div class=\"elementor-element elementor-element-e131762 e-con-full e-flex e-con e-child\" data-id=\"e131762\" data-element_type=\"container\" data-e-type=\"container\">\n\t\t\t\t<div class=\"elementor-element elementor-element-902975d wd-width-100 elementor-widget elementor-widget-wd_title\" data-id=\"902975d\" data-element_type=\"widget\" data-e-type=\"widget\" data-widget_type=\"wd_title.default\">\n\t\t\t\t<div class=\"elementor-widget-container\">\n\t\t\t\t\t\t\t<div class=\"title-wrapper wd-set-mb reset-last-child wd-title-color-default wd-title-style-default wd-title-size-default text-left\">\n\n\t\t\t\n\t\t\t<div class=\"liner-continer\">\n\t\t\t\t<h4 class=\"woodmart-title-container title wd-fontsize-l\">Pure Flavor<\/h4> \n\t\t\t\t\t\t\t<\/div>\n\n\t\t\t\t\t\t\t<div class=\"title-after_title reset-last-child wd-fontsize-xs\">\n\t\t\t\t\t<p>Our journey, which began in early 2014, is built on producing delicious cookies that make a difference in everything we do with passion, without compromising our values. We serve the Turkish market from our 600 m\u00b2 facility in Izmir, producing to superior standards.<\/p>\t\t\t\t<\/div>\n\t\t\t\t\t<\/div>\n\t\t\t\t\t\t<\/div>\n\t\t\t\t<\/div>\n\t\t<div class=\"elementor-element elementor-element-56c48ce e-con-full e-flex e-con e-child\" data-id=\"56c48ce\" data-element_type=\"container\" data-e-type=\"container\">\n\t\t\t\t<\/div>\n\t\t\t\t<\/div>\n\t\t\t\t\t<\/div>\n\t\t\t\t<\/div>\n\t\t<div class=\"elementor-element elementor-element-b53ea43 e-flex e-con-boxed e-con e-parent\" data-id=\"b53ea43\" data-element_type=\"container\" data-e-type=\"container\">\n\t\t\t\t\t<div class=\"e-con-inner\">\n\t\t<div class=\"elementor-element elementor-element-e5f2cb6 e-con-full e-flex e-con e-child\" data-id=\"e5f2cb6\" data-element_type=\"container\" data-e-type=\"container\">\n\t\t\t\t<div class=\"elementor-element elementor-element-a5a3374 wd-width-100 elementor-widget elementor-widget-wd_title\" data-id=\"a5a3374\" data-element_type=\"widget\" data-e-type=\"widget\" data-widget_type=\"wd_title.default\">\n\t\t\t\t<div class=\"elementor-widget-container\">\n\t\t\t\t\t\t\t<div class=\"title-wrapper wd-set-mb reset-last-child wd-title-color-default wd-title-style-default wd-title-size-default text-left\">\n\n\t\t\t\n\t\t\t<div class=\"liner-continer\">\n\t\t\t\t<h4 class=\"woodmart-title-container title wd-fontsize-l\">Production and Strong Infrastructure<\/h4> \n\t\t\t\t\t\t\t<\/div>\n\n\t\t\t\t\t\t\t<div class=\"title-after_title reset-last-child wd-fontsize-xs\">\n\t\t\t\t\t<p>As female entrepreneurs, we meticulously manage our production processes with our expert team and knowledgeable staff. We aim to combine the delicious taste of cookies made by our mothers with modern production techniques to present them in the best possible way.<\/p>\t\t\t\t<\/div>\n\t\t\t\t\t<\/div>\n\t\t\t\t\t\t<\/div>\n\t\t\t\t<\/div>\n\t\t\t\t<\/div>\n\t\t<div class=\"elementor-element elementor-element-7c1872d e-con-full e-flex e-con e-child\" data-id=\"7c1872d\" data-element_type=\"container\" data-e-type=\"container\">\n\t\t\t\t<div class=\"elementor-element elementor-element-2eb735c elementor-widget elementor-widget-wd_image_or_svg\" data-id=\"2eb735c\" data-element_type=\"widget\" data-e-type=\"widget\" data-widget_type=\"wd_image_or_svg.default\">\n\t\t\t\t<div class=\"elementor-widget-container\">\n\t\t\t\t\t\n\t\t<div class=\"wd-image text-center\">\n\t\t\t\t\t\t\t\t<img loading=\"lazy\" decoding=\"async\" width=\"600\" height=\"400\" src=\"https:\/\/www.egeyali.com\/wp-content\/uploads\/2026\/03\/Adsiz-600-x-400-piksel-5.jpg\" class=\"attachment-full size-full\" alt=\"\" srcset=\"https:\/\/www.egeyali.com\/wp-content\/uploads\/2026\/03\/Adsiz-600-x-400-piksel-5.jpg 600w, https:\/\/www.egeyali.com\/wp-content\/uploads\/2026\/03\/Adsiz-600-x-400-piksel-5-400x267.jpg 400w, https:\/\/www.egeyali.com\/wp-content\/uploads\/2026\/03\/Adsiz-600-x-400-piksel-5-430x287.jpg 430w, https:\/\/www.egeyali.com\/wp-content\/uploads\/2026\/03\/Adsiz-600-x-400-piksel-5-150x100.jpg 150w\" sizes=\"auto, (max-width: 600px) 100vw, 600px\" \/>\t\t\t\t\t<\/div>\n\n\t\t\t\t\t\t<\/div>\n\t\t\t\t<\/div>\n\t\t\t\t<\/div>\n\t\t\t\t\t<\/div>\n\t\t\t\t<\/div>\n\t\t<div class=\"elementor-element elementor-element-b6fd351 e-flex e-con-boxed e-con e-parent\" data-id=\"b6fd351\" data-element_type=\"container\" data-e-type=\"container\">\n\t\t\t\t\t<div class=\"e-con-inner\">\n\t\t<div class=\"elementor-element elementor-element-985fe55 e-con-full e-flex e-con e-child\" data-id=\"985fe55\" data-element_type=\"container\" data-e-type=\"container\">\n\t\t\t\t<div class=\"elementor-element elementor-element-8bdc7b4 elementor-widget elementor-widget-wd_image_or_svg\" data-id=\"8bdc7b4\" data-element_type=\"widget\" data-e-type=\"widget\" data-widget_type=\"wd_image_or_svg.default\">\n\t\t\t\t<div class=\"elementor-widget-container\">\n\t\t\t\t\t\n\t\t<div class=\"wd-image text-center\">\n\t\t\t\t\t\t\t\t<img loading=\"lazy\" decoding=\"async\" width=\"600\" height=\"400\" src=\"https:\/\/www.egeyali.com\/wp-content\/uploads\/2026\/03\/Adsiz-600-x-400-piksel-4.jpg\" class=\"attachment-full size-full\" alt=\"\" srcset=\"https:\/\/www.egeyali.com\/wp-content\/uploads\/2026\/03\/Adsiz-600-x-400-piksel-4.jpg 600w, https:\/\/www.egeyali.com\/wp-content\/uploads\/2026\/03\/Adsiz-600-x-400-piksel-4-400x267.jpg 400w, https:\/\/www.egeyali.com\/wp-content\/uploads\/2026\/03\/Adsiz-600-x-400-piksel-4-430x287.jpg 430w, https:\/\/www.egeyali.com\/wp-content\/uploads\/2026\/03\/Adsiz-600-x-400-piksel-4-150x100.jpg 150w\" sizes=\"auto, (max-width: 600px) 100vw, 600px\" \/>\t\t\t\t\t<\/div>\n\n\t\t\t\t\t\t<\/div>\n\t\t\t\t<\/div>\n\t\t\t\t<\/div>\n\t\t<div class=\"elementor-element elementor-element-f85fdbd e-con-full e-flex e-con e-child\" data-id=\"f85fdbd\" data-element_type=\"container\" data-e-type=\"container\">\n\t\t\t\t<div class=\"elementor-element elementor-element-98cee2c wd-width-100 elementor-widget elementor-widget-wd_title\" data-id=\"98cee2c\" data-element_type=\"widget\" data-e-type=\"widget\" data-widget_type=\"wd_title.default\">\n\t\t\t\t<div class=\"elementor-widget-container\">\n\t\t\t\t\t\t\t<div class=\"title-wrapper wd-set-mb reset-last-child wd-title-color-default wd-title-style-default wd-title-size-default text-left\">\n\n\t\t\t\n\t\t\t<div class=\"liner-continer\">\n\t\t\t\t<h4 class=\"woodmart-title-container title wd-fontsize-l\">Reliable Products<\/h4> \n\t\t\t\t\t\t\t<\/div>\n\n\t\t\t\t\t\t\t<div class=\"title-after_title reset-last-child wd-fontsize-xs\">\n\t\t\t\t\t<p>None of our products contain glucose, sweeteners, thickeners, or additives. All our products use sugar derived from sugar beets. Prepared with the highest quality raw materials produced in Turkey, our products offer a healthy and delicious snack alternative.<\/p>\t\t\t\t<\/div>\n\t\t\t\t\t<\/div>\n\t\t\t\t\t\t<\/div>\n\t\t\t\t<\/div>\n\t\t\t\t<\/div>\n\t\t\t\t\t<\/div>\n\t\t\t\t<\/div>\n\t\t\t\t<\/div>\n\t\t\n    <div class=\"xs_social_share_widget xs_share_url after_content \t\tmain_content  wslu-style-1 wslu-share-box-shaped wslu-fill-colored wslu-none wslu-share-horizontal wslu-theme-font-no wslu-main_content\">\n\n\t\t\n        <ul>\n\t\t\t        <\/ul>\n    <\/div>","protected":false},"excerpt":{"rendered":"<p>Hakk\u0131m\u0131zda HomeSayfa Katk\u0131s\u0131z Lezzet 2014 y\u0131l\u0131 ba\u015f\u0131nda ba\u015flayan ser\u00fcvenimiz, tutkuyla yapt\u0131\u011f\u0131m\u0131z her i\u015fte fark yaratan ve t\u00fcm bunlar\u0131 yaparken de\u011ferlerinden<\/p>","protected":false},"author":1,"featured_media":0,"parent":0,"menu_order":0,"comment_status":"closed","ping_status":"closed","template":"","meta":{"postBodyCss":"","postBodyMargin":[],"postBodyPadding":[],"postBodyBackground":{"backgroundType":"classic","gradient":""},"footnotes":""},"class_list":["post-29016","page","type-page","status-publish","hentry"],"_links":{"self":[{"href":"https:\/\/www.egeyali.com\/en\/wp-json\/wp\/v2\/pages\/29016","targetHints":{"allow":["GET"]}}],"collection":[{"href":"https:\/\/www.egeyali.com\/en\/wp-json\/wp\/v2\/pages"}],"about":[{"href":"https:\/\/www.egeyali.com\/en\/wp-json\/wp\/v2\/types\/page"}],"author":[{"embeddable":true,"href":"https:\/\/www.egeyali.com\/en\/wp-json\/wp\/v2\/users\/1"}],"replies":[{"embeddable":true,"href":"https:\/\/www.egeyali.com\/en\/wp-json\/wp\/v2\/comments?post=29016"}],"version-history":[{"count":22,"href":"https:\/\/www.egeyali.com\/en\/wp-json\/wp\/v2\/pages\/29016\/revisions"}],"predecessor-version":[{"id":31219,"href":"https:\/\/www.egeyali.com\/en\/wp-json\/wp\/v2\/pages\/29016\/revisions\/31219"}],"wp:attachment":[{"href":"https:\/\/www.egeyali.com\/en\/wp-json\/wp\/v2\/media?parent=29016"}],"curies":[{"name":"wp","href":"https:\/\/api.w.org\/{rel}","templated":true}]}}